{"id":1051,"date":"2026-04-04T15:58:51","date_gmt":"2026-04-04T13:58:51","guid":{"rendered":"https:\/\/www.atkedu.fi\/?page_id=1051"},"modified":"2026-04-10T09:30:46","modified_gmt":"2026-04-10T06:30:46","slug":"koulutus","status":"publish","type":"page","link":"https:\/\/www.atkedu.fi\/en\/koulutus\/","title":{"rendered":"Koulutus"},"content":{"rendered":"<div class=\"et_pb_section_0 et_pb_section et_section_regular et_block_section\">\n<div class=\"et_pb_row_0 et_pb_row et_block_row preset--module--divi-row--5138c454-be54-4233-bd3b-f8e6a8747976\">\n<div class=\"et_pb_column_0 et_pb_column et_pb_column_4_4 et-last-child et_block_column et_pb_css_mix_blend_mode_passthrough preset--module--divi-column--73121f80-a3ef-4484-8763-c3f18e3c56d2\">\n<div class=\"et_pb_heading_0 et_pb_heading et_pb_module et_block_module preset--module--divi-heading--f0c675ea-2574-4d0e-b725-30f8550a8550\"><div class=\"et_pb_heading_container\"><h4 class=\"et_pb_module_header\">ONLINE TRAINING<\/h4><\/div><\/div>\n\n<div class=\"et_pb_heading_1 et_pb_heading et_pb_module et_block_module preset--module--divi-heading--ddeb8c09-9078-4424-bc15-2efb6572e28e\"><div class=\"et_pb_heading_container\"><h1 class=\"et_pb_module_header\">ATK.edu: Online training in Finnish<\/h1><\/div><\/div>\n\n<div class=\"et_pb_text_0 et_pb_text et_pb_bg_layout_light et_pb_module et_block_module et_pb_text_align_center preset--module--divi-text--2c55a9c4-feed-423b-9edb-ae0b5b365cac\"><div class=\"et_pb_text_inner\"><p>Learn and develop your skills with ATK.edu's online training courses.<\/p>\n<p>ATK.edu's online training courses are not webinars tied to a specific time. You can study the online course flexibly, at your own pace. The course exercises do not have strict deadlines, so you can smoothly adapt the course to your own situation and schedule.<\/p>\n<p>ATK.edu's Moodle learning environment will be opened for your use after you have paid the registration fee. The study period is up to 6 months.<\/p>\n<\/div><\/div>\n<\/div>\n<\/div>\n<\/div>\n\n<div class=\"et_pb_section_1 et_pb_section et_section_regular et_block_section\">\n<div class=\"et_pb_row_1 et_pb_row et_flex_row preset--module--divi-row--5138c454-be54-4233-bd3b-f8e6a8747976\">\n<div class=\"et_pb_column_1 et_pb_column et_block_column et_pb_css_mix_blend_mode_passthrough et_flex_column_12_24 et_flex_column_12_24_tablet et_flex_column_24_24_phone preset--module--divi-column--50607da8-57bc-4d4b-aaef-f02e41c2cc4a\">\n<div class=\"et_pb_blurb_0 et_pb_blurb et_pb_bg_layout_light et_pb_blurb_position_top et_pb_module et_block_module preset--module--divi-blurb--203c76fc-aee0-4484-9be1-f0e2ebd81a8f\"><div class=\"et_pb_blurb_content\"><div class=\"et_pb_main_blurb_image\"><a href=\"https:\/\/www.atkedu.fi\/en\/tuote\/projektipaallikon-valmennuskurssi\/\"><span class=\"et_pb_image_wrap et_pb_only_image_mode_wrap\"><img decoding=\"async\" src=\"https:\/\/www.atkedu.fi\/wp-content\/uploads\/2026\/03\/3-233321ac-edc1-4c77-bb16-4a67b689f250-512x512.jpg\" class=\"et_animated wp-image-834\" title=\"3-233321ac-edc1-4c77-bb16-4a67b689f250-512x512\" \/><\/span><\/a><\/div><div class=\"et_pb_blurb_container\"><h4 class=\"et_pb_module_header\"><a href=\"https:\/\/www.atkedu.fi\/en\/tuote\/projektipaallikon-valmennuskurssi\/\">Projektip\u00e4\u00e4llik\u00f6n valmennuskurssi<\/a><\/h4><div class=\"et_pb_blurb_description\"><p>Projektip\u00e4\u00e4llik\u00f6n valmennuskurssi antaa hyv\u00e4t valmiudet projektip\u00e4\u00e4llik\u00f6n teht\u00e4v\u00e4ss\u00e4 menestymiseen.<\/p>\n<\/div><\/div><\/div><\/div>\n<\/div>\n\n<div class=\"et_pb_column_2 et_pb_column et-last-child et_block_column et_pb_css_mix_blend_mode_passthrough et_flex_column_12_24 et_flex_column_12_24_tablet et_flex_column_24_24_phone preset--module--divi-column--50607da8-57bc-4d4b-aaef-f02e41c2cc4a\">\n<div class=\"et_pb_blurb_1 et_pb_blurb et_pb_bg_layout_light et_pb_blurb_position_top et_pb_module et_block_module preset--module--divi-blurb--203c76fc-aee0-4484-9be1-f0e2ebd81a8f\"><div class=\"et_pb_blurb_content\"><div class=\"et_pb_main_blurb_image\"><a href=\"https:\/\/www.atkedu.fi\/en\/tuote\/espanjan-kieli-opi-katevasti-500-sanaa\/\"><span class=\"et_pb_image_wrap et_pb_only_image_mode_wrap\"><img decoding=\"async\" src=\"https:\/\/www.atkedu.fi\/wp-content\/uploads\/2026\/04\/2-d5221033-6276-4f1f-82ec-61c666ca7fda-512x512.jpg\" alt=\"Teko\u00e4lykuva\" class=\"et_animated wp-image-1236\" title=\"FI_es\" \/><\/span><\/a><\/div><div class=\"et_pb_blurb_container\"><h4 class=\"et_pb_module_header\"><a href=\"https:\/\/www.atkedu.fi\/en\/tuote\/espanjan-kieli-opi-katevasti-500-sanaa\/\">Espanjan kieli - opi k\u00e4tev\u00e4sti 500 sanaa<\/a><\/h4><div class=\"et_pb_blurb_description\"><p>Opi verkossa joustavasti omaan tahtiin Espanjan kielt\u00e4. Ota haltuun 500 t\u00e4rkeint\u00e4 sanaa.<\/p>\n<\/div><\/div><\/div><\/div>\n<\/div>\n<\/div>\n\n<div class=\"et_pb_row_2 et_pb_row et_flex_row preset--module--divi-row--5138c454-be54-4233-bd3b-f8e6a8747976\">\n<div class=\"et_pb_column_3 et_pb_column et_block_column et_pb_css_mix_blend_mode_passthrough et_flex_column_12_24 et_flex_column_12_24_tablet et_flex_column_24_24_phone preset--module--divi-column--50607da8-57bc-4d4b-aaef-f02e41c2cc4a\">\n<div class=\"et_pb_blurb_2 et_pb_blurb et_pb_bg_layout_light et_pb_blurb_position_top et_pb_module et_block_module preset--module--divi-blurb--203c76fc-aee0-4484-9be1-f0e2ebd81a8f\"><div class=\"et_pb_blurb_content\"><div class=\"et_pb_main_blurb_image\"><a href=\"https:\/\/www.atkedu.fi\/en\/tuote\/viron-kieli-opi-katevasti-500-sanaa\/\"><span class=\"et_pb_image_wrap et_pb_only_image_mode_wrap\"><img decoding=\"async\" src=\"https:\/\/www.atkedu.fi\/wp-content\/uploads\/2026\/04\/3-301c530a-02f2-46f2-bdb6-02e4273a694c-512x512.jpg\" alt=\"viron kielikurssi\" class=\"et_animated wp-image-1658\" title=\"viron kielikurssi\" \/><\/span><\/a><\/div><div class=\"et_pb_blurb_container\"><h4 class=\"et_pb_module_header\"><a href=\"https:\/\/www.atkedu.fi\/en\/tuote\/viron-kieli-opi-katevasti-500-sanaa\/\">Viron kieli - opi k\u00e4tev\u00e4sti 500 sanaa<\/a><\/h4><div class=\"et_pb_blurb_description\"><p>Opi verkossa joustavasti omaan tahtiin Viron kielt\u00e4. Ota haltuun 500 t\u00e4rkeint\u00e4 sanaa.<\/p>\n<\/div><\/div><\/div><\/div>\n<\/div>\n\n<div class=\"et_pb_column_4 et_pb_column et-last-child et_block_column et_pb_css_mix_blend_mode_passthrough et_flex_column_12_24 et_flex_column_12_24_tablet et_flex_column_24_24_phone preset--module--divi-column--50607da8-57bc-4d4b-aaef-f02e41c2cc4a\">\n<div class=\"et_pb_blurb_3 et_pb_blurb et_pb_bg_layout_light et_pb_blurb_position_top et_pb_module et_block_module preset--module--divi-blurb--203c76fc-aee0-4484-9be1-f0e2ebd81a8f\"><div class=\"et_pb_blurb_content\"><div class=\"et_pb_main_blurb_image\"><a href=\"https:\/\/www.atkedu.fi\/en\/tuote\/englannin-kieli-opi-katevasti-500-sanaa\/\"><span class=\"et_pb_image_wrap et_pb_only_image_mode_wrap\"><img decoding=\"async\" src=\"https:\/\/www.atkedu.fi\/wp-content\/uploads\/2026\/04\/1-787749d9-ea4c-467d-b82d-f1c5672be9a9-512x512.jpg\" alt=\"englannin kielikurssi\" class=\"et_animated wp-image-1656\" title=\"englannin kielikurssi\" \/><\/span><\/a><\/div><div class=\"et_pb_blurb_container\"><h4 class=\"et_pb_module_header\"><a href=\"https:\/\/www.atkedu.fi\/en\/tuote\/englannin-kieli-opi-katevasti-500-sanaa\/\">Englannin kieli - opi k\u00e4tev\u00e4sti 500 sanaa<\/a><\/h4><div class=\"et_pb_blurb_description\"><p>Opi verkossa joustavasti omaan tahtiin Englannin kielt\u00e4. Ota haltuun 500 t\u00e4rkeint\u00e4 sanaa.<\/p>\n<\/div><\/div><\/div><\/div>\n<\/div>\n<\/div>\n<\/div>\n\n<div class=\"et_pb_section_2 et_pb_section et_section_regular et_block_section\">\n<div class=\"et_pb_row_3 et_pb_row et_flex_row preset--module--divi-row--5138c454-be54-4233-bd3b-f8e6a8747976\">\n<div class=\"et_pb_column_5 et_pb_column et-last-child et_block_column et_pb_css_mix_blend_mode_passthrough et_flex_column_24_24 et_flex_column_24_24_tablet et_flex_column_24_24_phone preset--module--divi-column--73121f80-a3ef-4484-8763-c3f18e3c56d2\">\n<div class=\"et_pb_heading_2 et_pb_heading et_pb_module et_block_module preset--module--divi-heading--c33f07d9-41e0-421a-8799-5799df695cce\"><div class=\"et_pb_heading_container\"><h2 class=\"et_pb_module_header\">The benefits of ATK.edu's online courses<\/h2><\/div><\/div>\n<\/div>\n<\/div>\n\n<div class=\"et_pb_row_4 et_pb_row et_block_row preset--module--divi-row--5138c454-be54-4233-bd3b-f8e6a8747976\">\n<div class=\"et_pb_column_6 et_pb_column et_pb_column_1_3 et_block_column et_pb_css_mix_blend_mode_passthrough preset--module--divi-column--73121f80-a3ef-4484-8763-c3f18e3c56d2\">\n<div class=\"et_pb_text_1 et_pb_text et_pb_bg_layout_light et_pb_module et_block_module preset--module--divi-text--2c55a9c4-feed-423b-9edb-ae0b5b365cac\"><div class=\"et_pb_text_inner\"><p>By participating in ATK.edu training courses, you will receive up-to-date information and practical skills that will <strong>improve your competitiveness in the job market.<\/strong><\/p>\n<p>With ATK.edu's online course, you can study flexibly, <strong>at your own pace<\/strong>.\u00a0<\/p>\n<p>ATK.edu's trainers guarantee that you will get <strong>the best possible learning experience<\/strong>.<\/p>\n<p>You will receive personal feedback from a teacher on the course exercises (courses for project managers). You can trust <strong>your own competence<\/strong>.<\/p>\n<p>The practical exercises in the courses will help you learn new skills so that <strong>you can apply them in different situations<\/strong>.<\/p>\n<\/div><\/div>\n<\/div>\n\n<div class=\"et_pb_column_7 et_pb_column et_pb_column_2_3 et-last-child et_block_column et_pb_css_mix_blend_mode_passthrough preset--module--divi-column--73121f80-a3ef-4484-8763-c3f18e3c56d2\">\n<div class=\"et_pb_image_0 et_pb_image et_pb_module et_block_module preset--module--divi-image--6ed8fd5c-62c5-4100-98c3-7b8b6d2c2ee6\"><span class=\"et_pb_image_wrap\"><img decoding=\"async\" src=\"https:\/\/www.atkedu.fi\/wp-content\/uploads\/2023\/03\/kurssit.jpg\" title=\"kurssit\" class=\"wp-image-744\" \/><\/span><\/div>\n<\/div>\n<\/div>\n<\/div>","protected":false},"excerpt":{"rendered":"","protected":false},"author":1,"featured_media":0,"parent":0,"menu_order":0,"comment_status":"closed","ping_status":"closed","template":"","meta":{"footnotes":""},"class_list":["post-1051","page","type-page","status-publish","hentry"],"_links":{"self":[{"href":"https:\/\/www.atkedu.fi\/en\/wp-json\/wp\/v2\/pages\/1051","targetHints":{"allow":["GET"]}}],"collection":[{"href":"https:\/\/www.atkedu.fi\/en\/wp-json\/wp\/v2\/pages"}],"about":[{"href":"https:\/\/www.atkedu.fi\/en\/wp-json\/wp\/v2\/types\/page"}],"author":[{"embeddable":true,"href":"https:\/\/www.atkedu.fi\/en\/wp-json\/wp\/v2\/users\/1"}],"replies":[{"embeddable":true,"href":"https:\/\/www.atkedu.fi\/en\/wp-json\/wp\/v2\/comments?post=1051"}],"version-history":[{"count":2,"href":"https:\/\/www.atkedu.fi\/en\/wp-json\/wp\/v2\/pages\/1051\/revisions"}],"predecessor-version":[{"id":1822,"href":"https:\/\/www.atkedu.fi\/en\/wp-json\/wp\/v2\/pages\/1051\/revisions\/1822"}],"wp:attachment":[{"href":"https:\/\/www.atkedu.fi\/en\/wp-json\/wp\/v2\/media?parent=1051"}],"curies":[{"name":"wp","href":"https:\/\/api.w.org\/{rel}","templated":true}]}}