{"id":158,"date":"2023-01-07T11:36:41","date_gmt":"2023-01-07T09:36:41","guid":{"rendered":"https:\/\/www.atkedu.fi\/?post_type=product&amp;p=158"},"modified":"2023-01-07T11:36:41","modified_gmt":"2023-01-07T09:36:41","slug":"projektipaallikon-valmennuskurssi","status":"publish","type":"product","link":"https:\/\/www.atkedu.fi\/en\/tuote\/projektipaallikon-valmennuskurssi\/","title":{"rendered":"Projektit hallintaan &#8211; projektip\u00e4\u00e4llik\u00f6n valmennuskurssi"},"content":{"rendered":"\n\n<div class=\"et_pb_section_0 et_pb_section et_section_regular et_block_section\">\n\n<div class=\"et_pb_row_0 et_pb_row et_block_row\">\n\n<div class=\"et_pb_column_0 et_pb_column et_pb_column_1_2 et_block_column et_pb_css_mix_blend_mode_passthrough\">\n\n<div class=\"et_pb_wc_images_0 et_pb_wc_images et_pb_module\"><div class=\"et_pb_module_inner\"><\/div><\/div><\/div>\n\n<div class=\"et_pb_column_1 et_pb_column et_pb_column_1_2 et-last-child et_block_column et_pb_css_mix_blend_mode_passthrough\">\n\n<div class=\"et_pb_wc_title_0 et_pb_wc_title et_pb_bg_layout_light et_pb_module\"><div class=\"et_pb_module_inner\">\n\t\t<h1>Projektit hallintaan &#8211; projektip\u00e4\u00e4llik\u00f6n valmennuskurssi<\/h1><\/div><\/div>\n\n\n\n\n\n<\/div><\/div>\n\n<div class=\"et_pb_row_1 et_pb_row et_flex_row et_clickable\">\n\n<div class=\"et_pb_column_2 et_pb_column et-last-child et_flex_column et_pb_css_mix_blend_mode_passthrough et_flex_column_24_24 et_flex_column_24_24_tablet et_flex_column_24_24_phone\">\n\n<div class=\"et_pb_module et_pb_button_module_wrapper et_pb_button_0_wrapper\"><a class=\"et_pb_button_0 et_pb_button et_pb_bg_layout_light et_pb_module et_flex_module\" href=\"https:\/\/www.atkedu.fi\/en\/?page_id=1273\">Ilmoittaudun kurssille<\/a><\/div><\/div><\/div>\n\n<div class=\"et_pb_row_2 et_pb_row et_block_row\">\n\n<div class=\"et_pb_column_3 et_pb_column et_pb_column_4_4 et-last-child et_block_column et_pb_css_mix_blend_mode_passthrough\">\n\n<div class=\"et_pb_wc_tabs_0 et_pb_wc_tabs et_pb_tabs et_pb_module\"><div class=\"et_pb_module_inner\"><ul class=\"et_pb_tabs_controls clearfix\"><\/ul><div class=\"et_pb_all_tabs\"><\/div><\/div><\/div>\n\n\n\n<\/div><\/div><\/div>","protected":false},"excerpt":{"rendered":"<p>K<span dir=\"ltr\" role=\"presentation\">urssilla opit miten projektissa k\u00e4yt\u00e4nn\u00f6ss\u00e4 toimitaan ja mitk\u00e4 ovat teht\u00e4v\u00e4si projektip\u00e4\u00e4llikk\u00f6n\u00e4 projektin alkaessa, projektin aikana ja projektin p\u00e4\u00e4ttyess\u00e4. Opit projektinhallinnan menetelm\u00e4t sek\u00e4 teoriassa ett\u00e4 k\u00e4yt\u00e4nn\u00f6nl\u00e4heisten harjoitusteht\u00e4vien avulla. Kurssin j\u00e4lkeen tied\u00e4t, mitk\u00e4<\/span><span dir=\"ltr\" role=\"presentation\"> asiat ovat olennaisia projektin onnistumisen kannalta. <\/span><\/p>\n<p><span dir=\"ltr\" role=\"presentation\">Katso kurssin esittelyvideo: <strong><a href=\"https:\/\/www.atkedu.fi\/en\/wp-content\/uploads\/2026\/04\/PR01-videolinkki-1.mp4\">VIDEOLINKKI<\/a><\/strong><\/span><\/p>\n","protected":false},"featured_media":834,"comment_status":"closed","ping_status":"closed","template":"","meta":[],"product_brand":[],"product_cat":[24],"product_tag":[],"class_list":{"0":"post-158","1":"product","2":"type-product","3":"status-publish","4":"has-post-thumbnail","6":"product_cat-kurssit","8":"first","9":"instock","10":"sale","11":"virtual","12":"purchasable","13":"product-type-simple"},"_links":{"self":[{"href":"https:\/\/www.atkedu.fi\/en\/wp-json\/wp\/v2\/product\/158","targetHints":{"allow":["GET"]}}],"collection":[{"href":"https:\/\/www.atkedu.fi\/en\/wp-json\/wp\/v2\/product"}],"about":[{"href":"https:\/\/www.atkedu.fi\/en\/wp-json\/wp\/v2\/types\/product"}],"replies":[{"embeddable":true,"href":"https:\/\/www.atkedu.fi\/en\/wp-json\/wp\/v2\/comments?post=158"}],"wp:featuredmedia":[{"embeddable":true,"href":"https:\/\/www.atkedu.fi\/en\/wp-json\/"}],"wp:attachment":[{"href":"https:\/\/www.atkedu.fi\/en\/wp-json\/wp\/v2\/media?parent=158"}],"wp:term":[{"taxonomy":"product_brand","embeddable":true,"href":"https:\/\/www.atkedu.fi\/en\/wp-json\/wp\/v2\/product_brand?post=158"},{"taxonomy":"product_cat","embeddable":true,"href":"https:\/\/www.atkedu.fi\/en\/wp-json\/wp\/v2\/product_cat?post=158"},{"taxonomy":"product_tag","embeddable":true,"href":"https:\/\/www.atkedu.fi\/en\/wp-json\/wp\/v2\/product_tag?post=158"}],"curies":[{"name":"wp","href":"https:\/\/api.w.org\/{rel}","templated":true}]}}