{"id":666,"date":"2023-03-04T12:24:45","date_gmt":"2023-03-04T10:24:45","guid":{"rendered":"https:\/\/www.atkedu.fi\/?post_type=product&amp;p=666"},"modified":"2023-03-04T12:24:45","modified_gmt":"2023-03-04T10:24:45","slug":"espanjan-kieli-opi-katevasti-500-sanaa","status":"publish","type":"product","link":"https:\/\/www.atkedu.fi\/en\/tuote\/espanjan-kieli-opi-katevasti-500-sanaa\/","title":{"rendered":"Espanjan kieli &#8211; opi k\u00e4tev\u00e4sti 500 sanaa"},"content":{"rendered":"<p><strong>Espanjan kielikurssin rakenne on selke\u00e4. Kurssi sis\u00e4lt\u00e4\u00e4 5 osa-aluetta, jotka l\u00e4pik\u00e4yd\u00e4\u00e4n loogisessa j\u00e4rjestyksess\u00e4.<\/strong><\/p>\n<p><img loading=\"lazy\" decoding=\"async\" class=\"alignleft wp-image-1710 size-full\" src=\"https:\/\/www.atkedu.fi\/en\/wp-content\/uploads\/2023\/03\/KK-vaiheistus.png\" alt=\"\" width=\"1171\" height=\"162\" \/><\/p>\n<p>Kurssilla opiskellaan 500 keskeisint\u00e4 arkikieless\u00e4 tarvittavaa sanaa.<\/p>\n<p>Espanjan kielen osaamisen kannalta t\u00e4rkeimm\u00e4t sanat opitaan ymm\u00e4rt\u00e4m\u00e4\u00e4n, \u00e4\u00e4nt\u00e4m\u00e4\u00e4n ja kirjoittamaan t\u00e4ll\u00e4 kurssilla. Sanojen oikeaa \u00e4\u00e4nt\u00e4mist\u00e4 harjoitellaan kuuntelemalla ja toistamalla sanoja \u00e4\u00e4neen malliesimerkin avulla. Samalla n\u00e4hd\u00e4\u00e4n sanan oikea kirjoitusasu ja harjoitellaan kirjoittamista. Kurssin harjoitusteht\u00e4viss\u00e4 sanoja toistetaan ja opiskellaan opiskelijan oman l\u00e4ht\u00f6tason ja valmiuksien mukaisesti. Kun kyseisen osion sanat ovat aidosti hallussa, opiskelussa siirryt\u00e4\u00e4n kurssin seuraavaan osioon.<\/p>\n<p>Kurssilla opiskellaan joustavasti, omaan tahtiin. Ennalta kalenteriin kiinnitettyj\u00e4 m\u00e4\u00e4r\u00e4p\u00e4ivi\u00e4 ei t\u00e4ll\u00e4 kurssilla ole. Opiskeluaikaa kielikursilla on 6 kuukautta.<\/p>\n","protected":false},"excerpt":{"rendered":"<p>Kurssilla opit t\u00e4rkeimm\u00e4t espanjan kielen sanat, jotka auttavat kommunikoimaan arkip\u00e4iv\u00e4n tilanteissa.<\/p>\n<p>T\u00e4m\u00e4 kurssi on <span style=\"color: #0000ff\"><strong>TULOSSA<\/strong> <\/span>saataville l\u00e4hiaikoina.<\/p>\n<p>&nbsp;<\/p>\n","protected":false},"featured_media":1236,"comment_status":"closed","ping_status":"closed","template":"","meta":[],"product_brand":[],"product_cat":[24],"product_tag":[],"class_list":{"0":"post-666","1":"product","2":"type-product","3":"status-publish","4":"has-post-thumbnail","6":"product_cat-kurssit","8":"first","9":"outofstock","10":"virtual","11":"product-type-simple"},"_links":{"self":[{"href":"https:\/\/www.atkedu.fi\/en\/wp-json\/wp\/v2\/product\/666","targetHints":{"allow":["GET"]}}],"collection":[{"href":"https:\/\/www.atkedu.fi\/en\/wp-json\/wp\/v2\/product"}],"about":[{"href":"https:\/\/www.atkedu.fi\/en\/wp-json\/wp\/v2\/types\/product"}],"replies":[{"embeddable":true,"href":"https:\/\/www.atkedu.fi\/en\/wp-json\/wp\/v2\/comments?post=666"}],"wp:featuredmedia":[{"embeddable":true,"href":"https:\/\/www.atkedu.fi\/en\/wp-json\/"}],"wp:attachment":[{"href":"https:\/\/www.atkedu.fi\/en\/wp-json\/wp\/v2\/media?parent=666"}],"wp:term":[{"taxonomy":"product_brand","embeddable":true,"href":"https:\/\/www.atkedu.fi\/en\/wp-json\/wp\/v2\/product_brand?post=666"},{"taxonomy":"product_cat","embeddable":true,"href":"https:\/\/www.atkedu.fi\/en\/wp-json\/wp\/v2\/product_cat?post=666"},{"taxonomy":"product_tag","embeddable":true,"href":"https:\/\/www.atkedu.fi\/en\/wp-json\/wp\/v2\/product_tag?post=666"}],"curies":[{"name":"wp","href":"https:\/\/api.w.org\/{rel}","templated":true}]}}