{"id":667,"date":"2023-03-04T12:25:38","date_gmt":"2023-03-04T10:25:38","guid":{"rendered":"https:\/\/www.atkedu.fi\/?post_type=product&amp;p=667"},"modified":"2023-03-04T12:25:38","modified_gmt":"2023-03-04T10:25:38","slug":"englannin-kieli-opi-katevasti-500-sanaa","status":"publish","type":"product","link":"https:\/\/www.atkedu.fi\/en\/tuote\/englannin-kieli-opi-katevasti-500-sanaa\/","title":{"rendered":"Englannin kieli &#8211; opi k\u00e4tev\u00e4sti 500 sanaa"},"content":{"rendered":"<p><strong>Kenelle koulutus on tarkoitettu:<\/strong><br \/>\nkaikille, jotka haluavat oppia t\u00e4rkeimm\u00e4t englannin kielen sanat, jotka auttavat kommunikoimaan arkip\u00e4iv\u00e4n tilanteissa<\/p>\n<p><strong>Koulutusohjelman sis\u00e4lt\u00f6:<\/strong><br \/>\nKurssilla opiskellaan 500 keskeisint\u00e4 arkikieless\u00e4 tarvittavaa sanaa:<\/p>\n<ol>\n<li>sata sanaa:\n<ul>\n<li>Aloitetaan alusta<\/li>\n<li>Min\u00e4, sin\u00e4, h\u00e4n &#8230;<\/li>\n<li>Lukusanat 0-19<\/li>\n<li>Tervehtiminen ja toivotukset<\/li>\n<li>Viikonp\u00e4iv\u00e4t ja kuukaudet<\/li>\n<\/ul>\n<\/li>\n<li>sata sanaa:\n<ul>\n<li>Juomia<\/li>\n<li>Kaupungilla<\/li>\n<li>Lukusanat 20-39<\/li>\n<li>Lukusanat 40-miljardi<\/li>\n<li>Ruokaa<\/li>\n<\/ul>\n<\/li>\n<li>sata sanaa:\n<ul>\n<li>Aika, paikka, tapa &#8230;<\/li>\n<li>Majoittuminen<\/li>\n<li>Millainen<\/li>\n<li>Milloin<\/li>\n<li>Tekeminen<\/li>\n<\/ul>\n<\/li>\n<li>sata sanaa:\n<ul>\n<li>Liikkuminen<\/li>\n<li>Ostokset<\/li>\n<li>Ravintolassa<\/li>\n<li>Vaatteet<\/li>\n<li>V\u00e4rit<\/li>\n<\/ul>\n<\/li>\n<li>sata sanaa:\n<ul>\n<li>Kaupassa<\/li>\n<li>Ruokakaupassa<\/li>\n<li>Palveluja<\/li>\n<li>Perhe ja sukulaiset<\/li>\n<li>S\u00e4\u00e4 ja vuodenaika<\/li>\n<li>Loppusuora<\/li>\n<\/ul>\n<\/li>\n<\/ol>\n<p>Kielen opiskelu on sujuvaa ja mukavaa harjoitusteht\u00e4vien avulla. Jokaisen osuuden j\u00e4lkeen osaamista mitataan tentin avulla.<br \/>\nKurssitodistuksen saa, kun kaikki osuudet on hyv\u00e4ksytysti suoritettu.<\/p>\n","protected":false},"excerpt":{"rendered":"<p>Kurssilla opit t\u00e4rkeimm\u00e4t englannin kielen sanat, jotka auttavat kommunikoimaan arkip\u00e4iv\u00e4n tilanteissa.<\/p>\n<p>T\u00e4m\u00e4 kurssi on <span style=\"color: #0000ff\"><strong>TULOSSA<\/strong> <\/span>saataville l\u00e4hiaikoina.<\/p>\n","protected":false},"featured_media":1656,"comment_status":"closed","ping_status":"closed","template":"","meta":[],"product_brand":[],"product_cat":[24],"product_tag":[],"class_list":{"0":"post-667","1":"product","2":"type-product","3":"status-publish","4":"has-post-thumbnail","6":"product_cat-kurssit","8":"first","9":"instock","10":"virtual","11":"product-type-simple"},"_links":{"self":[{"href":"https:\/\/www.atkedu.fi\/en\/wp-json\/wp\/v2\/product\/667","targetHints":{"allow":["GET"]}}],"collection":[{"href":"https:\/\/www.atkedu.fi\/en\/wp-json\/wp\/v2\/product"}],"about":[{"href":"https:\/\/www.atkedu.fi\/en\/wp-json\/wp\/v2\/types\/product"}],"replies":[{"embeddable":true,"href":"https:\/\/www.atkedu.fi\/en\/wp-json\/wp\/v2\/comments?post=667"}],"wp:featuredmedia":[{"embeddable":true,"href":"https:\/\/www.atkedu.fi\/en\/wp-json\/"}],"wp:attachment":[{"href":"https:\/\/www.atkedu.fi\/en\/wp-json\/wp\/v2\/media?parent=667"}],"wp:term":[{"taxonomy":"product_brand","embeddable":true,"href":"https:\/\/www.atkedu.fi\/en\/wp-json\/wp\/v2\/product_brand?post=667"},{"taxonomy":"product_cat","embeddable":true,"href":"https:\/\/www.atkedu.fi\/en\/wp-json\/wp\/v2\/product_cat?post=667"},{"taxonomy":"product_tag","embeddable":true,"href":"https:\/\/www.atkedu.fi\/en\/wp-json\/wp\/v2\/product_tag?post=667"}],"curies":[{"name":"wp","href":"https:\/\/api.w.org\/{rel}","templated":true}]}}